{"id":81,"date":"2018-07-19T18:45:07","date_gmt":"2018-07-19T16:45:07","guid":{"rendered":"http:\/\/www.uqac.ca\/crl\/?page_id=81"},"modified":"2019-11-21T04:03:43","modified_gmt":"2019-11-21T03:03:43","slug":"etape-2","status":"publish","type":"page","link":"https:\/\/crl.recherche.usherbrooke.ca\/index.php\/etape-2\/","title":{"rendered":"\u00c9tape 2"},"content":{"rendered":"<h1>Analyse collaborative de la d\u00e9finition<\/h1>\n<p><iframe loading=\"lazy\" title=\"Analyse collaborative\" src=\"https:\/\/player.vimeo.com\/video\/284022288?dnt=1&amp;app_id=122963\" width=\"474\" height=\"267\" frameborder=\"0\" allow=\"autoplay; fullscreen; picture-in-picture; clipboard-write; encrypted-media\"><\/iframe><\/p>\n<h2>R\u00e9sum\u00e9 de l\u2019\u00e9tape<\/h2>\n<p>Apr\u00e8s la discussion lexicale, l\u2019enseignante encourage les \u00e9l\u00e8ves \u00e0 formuler oralement une d\u00e9finition. Ensuite, ces derniers consultent le dictionnaire et enrichissent les informations en y ajoutant, par exemple, leur phrase-exemple ou en nuan\u00e7ant les d\u00e9finitions propos\u00e9es. Ce moment sert \u00e9galement \u00e0 expliciter les diff\u00e9rentes parties d\u2019une entr\u00e9e de dictionnaire (classe de mots, abr\u00e9viation, nombre de sens, etc). Nos observations montrent que la discussion philosophique sur le mot du jour positionne les enfants dans une perspective critique face aux d\u00e9finitions propos\u00e9es dans le dictionnaire.<\/p>\n<hr \/>\n<h3>Mat\u00e9riel pour les enseignantes<\/h3>\n<p><a href=\"https:\/\/crl.recherche.usherbrooke.ca\/wp-content\/uploads\/2018\/07\/Proc\u00e9dure-pour-lanalyse-collaborative-de-la-d\u00e9finition.pdf\" target=\"_blank\" rel=\"noopener\">Proc\u00e9dure pour l&rsquo;analyse collaborative de la d\u00e9finition<\/a><\/p>\n<p><a href=\"https:\/\/crl.recherche.usherbrooke.ca\/wp-content\/uploads\/2018\/07\/Strat\u00e9gie-PPP-pour-trouver-la-d\u00e9finition.pdf\" target=\"_blank\" rel=\"noopener\">Strat\u00e9gie PPP pour trouver la d\u00e9finition<\/a><\/p>\n<p>&nbsp;<\/p>\n<hr \/>\n<blockquote><p>&nbsp;<\/p><\/blockquote>\n","protected":false},"excerpt":{"rendered":"<p>Analyse collaborative de la d\u00e9finition R\u00e9sum\u00e9 de l\u2019\u00e9tape Apr\u00e8s la discussion lexicale, l\u2019enseignante encourage les \u00e9l\u00e8ves \u00e0 formuler oralement une d\u00e9finition. Ensuite, ces derniers consultent le dictionnaire et enrichissent les informations en y ajoutant, par exemple, leur phrase-exemple ou en nuan\u00e7ant les d\u00e9finitions propos\u00e9es. Ce moment sert \u00e9galement \u00e0 expliciter les diff\u00e9rentes parties d\u2019une entr\u00e9e &hellip; <a href=\"https:\/\/crl.recherche.usherbrooke.ca\/index.php\/etape-2\/\" class=\"more-link\">Continuer la lecture de <span class=\"screen-reader-text\">\u00c9tape 2<\/span>  <span class=\"meta-nav\">&rarr;<\/span><\/a><\/p>\n","protected":false},"author":2,"featured_media":0,"parent":0,"menu_order":0,"comment_status":"closed","ping_status":"closed","template":"","meta":{"footnotes":""},"class_list":["post-81","page","type-page","status-publish","hentry"],"_links":{"self":[{"href":"https:\/\/crl.recherche.usherbrooke.ca\/index.php\/wp-json\/wp\/v2\/pages\/81","targetHints":{"allow":["GET"]}}],"collection":[{"href":"https:\/\/crl.recherche.usherbrooke.ca\/index.php\/wp-json\/wp\/v2\/pages"}],"about":[{"href":"https:\/\/crl.recherche.usherbrooke.ca\/index.php\/wp-json\/wp\/v2\/types\/page"}],"author":[{"embeddable":true,"href":"https:\/\/crl.recherche.usherbrooke.ca\/index.php\/wp-json\/wp\/v2\/users\/2"}],"replies":[{"embeddable":true,"href":"https:\/\/crl.recherche.usherbrooke.ca\/index.php\/wp-json\/wp\/v2\/comments?post=81"}],"version-history":[{"count":9,"href":"https:\/\/crl.recherche.usherbrooke.ca\/index.php\/wp-json\/wp\/v2\/pages\/81\/revisions"}],"predecessor-version":[{"id":88,"href":"https:\/\/crl.recherche.usherbrooke.ca\/index.php\/wp-json\/wp\/v2\/pages\/81\/revisions\/88"}],"wp:attachment":[{"href":"https:\/\/crl.recherche.usherbrooke.ca\/index.php\/wp-json\/wp\/v2\/media?parent=81"}],"curies":[{"name":"wp","href":"https:\/\/api.w.org\/{rel}","templated":true}]}}