{"id":158,"date":"2018-08-01T16:18:32","date_gmt":"2018-08-01T14:18:32","guid":{"rendered":"http:\/\/www.uqac.ca\/crl\/?page_id=158"},"modified":"2019-11-21T04:33:46","modified_gmt":"2019-11-21T03:33:46","slug":"remerciements","status":"publish","type":"page","link":"https:\/\/crl.recherche.usherbrooke.ca\/index.php\/remerciements\/","title":{"rendered":"Remerciements"},"content":{"rendered":"<p>La r\u00e9alisation du projet a \u00e9t\u00e9 possible gr\u00e2ce \u00e0 l\u2019appui financier du Conseil de recherche en sciences humaines du Canada (CRSH).<\/p>\n<p><img loading=\"lazy\" decoding=\"async\" class=\"aligncenter wp-image-247\" src=\"https:\/\/crl.recherche.usherbrooke.ca\/wp-content\/uploads\/2018\/08\/CRSH-300x68.jpg\" alt=\"\" width=\"250\" height=\"57\" srcset=\"https:\/\/crl.recherche.usherbrooke.ca\/wp-content\/uploads\/2018\/08\/CRSH-300x68.jpg 300w, https:\/\/crl.recherche.usherbrooke.ca\/wp-content\/uploads\/2018\/08\/CRSH.jpg 472w\" sizes=\"auto, (max-width: 250px) 100vw, 250px\" \/><\/p>\n<hr \/>\n<p>Nous remercions la Commission scolaire de Montr\u00e9al qui a permis l\u2019\u00e9tablissement d\u2019un partenariat avec les chercheuses Constance Lavoie, Ph.D. et Martine Pellerin, Ph. D. afin de permettre aux enseignantes de participer \u00e0 ce projet de recherche-action. Ainsi, les enseignantes ont pu s\u2019engager dans un processus d\u2019action, de r\u00e9flexion et de documentation afin de mieux comprendre leurs actions p\u00e9dagogiques et continuer \u00e0 perfectionner leurs pratiques de la communication orale et de l\u2019enseignement du vocabulaire. Nous remercions sinc\u00e8rement tous les \u00e9l\u00e8ves et leurs parents qui nous ont donn\u00e9 la permission de partager les vid\u00e9os et de rendre explicite et authentique cette d\u00e9marche didactique.<\/p>\n<p><strong>Enseignantes<\/strong> : St\u00e9phanie Beaulieu-Pinard; Marie-Andr\u00e9e Ledoux; Catherine Leblanc Hamel; Gisella San Miguel; Isabelle Drolet<\/p>\n<p><strong>Directrices<\/strong> : Guylaine Vall\u00e9e et Marie-H\u00e9l\u00e8ne Aub\u00e9<\/p>\n<p><strong>Assistants de recherche<\/strong>\u00a0: Anne-Brel Cloutier, candidate au doctorat; Samuel Marticotte, candidat au doctorat; Ren\u00e9 Beauparlant, B.ed.; Kevin Girard, B.ed.;<\/p>\n<p><strong>Webmestre<\/strong>\u00a0: John Williams<\/p>\n","protected":false},"excerpt":{"rendered":"<p>La r\u00e9alisation du projet a \u00e9t\u00e9 possible gr\u00e2ce \u00e0 l\u2019appui financier du Conseil de recherche en sciences humaines du Canada (CRSH). Nous remercions la Commission scolaire de Montr\u00e9al qui a permis l\u2019\u00e9tablissement d\u2019un partenariat avec les chercheuses Constance Lavoie, Ph.D. et Martine Pellerin, Ph. D. afin de permettre aux enseignantes de participer \u00e0 ce projet &hellip; <a href=\"https:\/\/crl.recherche.usherbrooke.ca\/index.php\/remerciements\/\" class=\"more-link\">Continuer la lecture de <span class=\"screen-reader-text\">Remerciements<\/span>  <span class=\"meta-nav\">&rarr;<\/span><\/a><\/p>\n","protected":false},"author":2,"featured_media":0,"parent":0,"menu_order":0,"comment_status":"closed","ping_status":"closed","template":"","meta":{"footnotes":""},"class_list":["post-158","page","type-page","status-publish","hentry"],"_links":{"self":[{"href":"https:\/\/crl.recherche.usherbrooke.ca\/index.php\/wp-json\/wp\/v2\/pages\/158","targetHints":{"allow":["GET"]}}],"collection":[{"href":"https:\/\/crl.recherche.usherbrooke.ca\/index.php\/wp-json\/wp\/v2\/pages"}],"about":[{"href":"https:\/\/crl.recherche.usherbrooke.ca\/index.php\/wp-json\/wp\/v2\/types\/page"}],"author":[{"embeddable":true,"href":"https:\/\/crl.recherche.usherbrooke.ca\/index.php\/wp-json\/wp\/v2\/users\/2"}],"replies":[{"embeddable":true,"href":"https:\/\/crl.recherche.usherbrooke.ca\/index.php\/wp-json\/wp\/v2\/comments?post=158"}],"version-history":[{"count":5,"href":"https:\/\/crl.recherche.usherbrooke.ca\/index.php\/wp-json\/wp\/v2\/pages\/158\/revisions"}],"predecessor-version":[{"id":313,"href":"https:\/\/crl.recherche.usherbrooke.ca\/index.php\/wp-json\/wp\/v2\/pages\/158\/revisions\/313"}],"wp:attachment":[{"href":"https:\/\/crl.recherche.usherbrooke.ca\/index.php\/wp-json\/wp\/v2\/media?parent=158"}],"curies":[{"name":"wp","href":"https:\/\/api.w.org\/{rel}","templated":true}]}}