{"id":129,"date":"2018-07-30T19:26:50","date_gmt":"2018-07-30T17:26:50","guid":{"rendered":"http:\/\/www.uqac.ca\/crl\/?page_id=129"},"modified":"2019-11-21T04:03:13","modified_gmt":"2019-11-21T03:03:13","slug":"etape-0","status":"publish","type":"page","link":"https:\/\/crl.recherche.usherbrooke.ca\/index.php\/etape-0\/","title":{"rendered":"\u00c9tape 0"},"content":{"rendered":"<h1 class=\"western\" align=\"justify\">Connaissances pr\u00e9paratoires<\/h1>\n<h2>R\u00e9sum\u00e9 de l\u2019\u00e9tape<\/h2>\n<p>Certaines connaissances pr\u00e9paratoires sont n\u00e9cessaires pour le bon d\u00e9roulement de la d\u00e9marche didactique de la communaut\u00e9 de recherche lexicale. Nous proposons des activit\u00e9s sur les notions de synonymie, d\u2019antonymie, de mots de m\u00eame famille et de mots th\u00e9matiques et sur la structure d\u2019une entr\u00e9e d\u2019un mot dans le dictionnaire. Les activit\u00e9s se d\u00e9roulent sur 4 p\u00e9riodes d\u2019environ 50 minutes.<\/p>\n<hr \/>\n<h3>Mat\u00e9riel pour les enseignantes<\/h3>\n<p><a href=\"https:\/\/crl.recherche.usherbrooke.ca\/wp-content\/uploads\/2018\/08\/P\u00e9riode-1-Les-connaissances-pr\u00e9paratoires.pdf\" target=\"_blank\" rel=\"noopener\">P\u00e9riode 1 Les connaissances pr\u00e9paratoires<\/a> (pdf)<\/p>\n<ul>\n<li style=\"text-align: left;\"><a href=\"https:\/\/crl.recherche.usherbrooke.ca\/wp-content\/uploads\/2018\/07\/Annexe-A-P\u00e9riode-1-connaissances-ant\u00e9rieures-dictionnaire.pdf\" target=\"_blank\" rel=\"noopener\">Annexe A. P\u00e9riode 1. Connaissances Pr\u00e9paratoires<\/a> (pdf)<\/li>\n<li style=\"text-align: left;\"><a href=\"https:\/\/crl.recherche.usherbrooke.ca\/wp-content\/uploads\/2018\/07\/Annexe-A.zip\" target=\"_blank\" rel=\"noopener\">Annexe A. P\u00e9riode 1. Connaissances Pr\u00e9paratoires<\/a> (.notebook)<\/li>\n<\/ul>\n<p><a href=\"https:\/\/crl.recherche.usherbrooke.ca\/wp-content\/uploads\/2018\/08\/P\u00e9riode-2-Les-connaissances-pr\u00e9paratoires.pdf\" target=\"_blank\" rel=\"noopener\">P\u00e9riode 2 Les connaissances pr\u00e9paratoires<\/a> (pdf)<\/p>\n<p><iframe loading=\"lazy\" title=\"Connaissances pr\u00e9paratoires\" src=\"https:\/\/player.vimeo.com\/video\/283796391?dnt=1&amp;app_id=122963\" width=\"474\" height=\"353\" frameborder=\"0\" allow=\"autoplay; fullscreen; picture-in-picture; clipboard-write; encrypted-media\"><\/iframe><\/p>\n<ul>\n<li><a href=\"https:\/\/crl.recherche.usherbrooke.ca\/wp-content\/uploads\/2018\/07\/Annexe-D-Tableau-recherche-de-synonymes-et-antonymes-_.pdf\" target=\"_blank\" rel=\"noopener\">Annexe D. Tableau recherche de synonymes et antonymes<\/a> (pdf)<\/li>\n<li><a href=\"https:\/\/crl.recherche.usherbrooke.ca\/wp-content\/uploads\/2018\/07\/Annexe-D.zip\" target=\"_blank\" rel=\"noopener\">Annexe D. Tableau recherche de synonymes et antonymes<\/a> (.notebook)<\/li>\n<\/ul>\n<p><a href=\"https:\/\/crl.recherche.usherbrooke.ca\/wp-content\/uploads\/2018\/08\/P\u00e9riode-3-Les-connaissances-pr\u00e9paratoires.pdf\" target=\"_blank\" rel=\"noopener\">P\u00e9riode 3 Les connaissances pr\u00e9paratoires<\/a> (pdf)<\/p>\n<ul>\n<li><a href=\"https:\/\/crl.recherche.usherbrooke.ca\/wp-content\/uploads\/2018\/07\/Annexe-E-mots-th\u00e9matiques.pdf\" target=\"_blank\" rel=\"noopener\">Annexe E. Mots th\u00e9matiques<\/a> (pdf)<\/li>\n<li><a href=\"https:\/\/crl.recherche.usherbrooke.ca\/wp-content\/uploads\/2018\/07\/Annexe-E.zip\" target=\"_blank\" rel=\"noopener\">Annexe E. Mots th\u00e9matiques<\/a> (.notebook)<\/li>\n<\/ul>\n<p><a href=\"https:\/\/crl.recherche.usherbrooke.ca\/wp-content\/uploads\/2018\/08\/P\u00e9riode-4-Les-connaissances-pr\u00e9paratoires.pdf\" target=\"_blank\" rel=\"noopener\">P\u00e9riode 4 Les connaissances pr\u00e9paratoires<\/a> (pdf)<\/p>\n<hr \/>\n<h3>Mat\u00e9riel pour les \u00e9l\u00e8ves<\/h3>\n<p><a href=\"https:\/\/crl.recherche.usherbrooke.ca\/wp-content\/uploads\/2018\/07\/ANNEXE-B-P\u00e9riode1-Cherche-la-classe-du-mot.pdf\" target=\"_blank\" rel=\"noopener\">Annexe B. P\u00e9riode 1. Cherche la classe du mot\u00a0<\/a>(pdf)<\/p>\n<p><a href=\"https:\/\/crl.recherche.usherbrooke.ca\/wp-content\/uploads\/2018\/07\/Annexe-C-Recherche-de-synonymes-et-antonymes.pdf\" target=\"_blank\" rel=\"noopener\">Annexe C. P\u00e9riode 2. Recherche de synonymes et antonymes<\/a> (pdf)<\/p>\n<p><a href=\"https:\/\/crl.recherche.usherbrooke.ca\/wp-content\/uploads\/2018\/07\/Annexe-F-Parties-Entre\u0123e-dictionnaire.pdf\">Annexe F. P\u00e9riode 3. Parties d\u2019une entr\u00e9e de dictionnaire<\/a> (pdf)<\/p>\n<p><a href=\"https:\/\/crl.recherche.usherbrooke.ca\/wp-content\/uploads\/2018\/07\/Annexe-G-Strat\u00e9gie-PPP.pdf\">Annexe G. P\u00e9riode 4. Strat\u00e9gie PPP<\/a> (pdf)<\/p>\n<blockquote><p>&nbsp;<\/p><\/blockquote>\n","protected":false},"excerpt":{"rendered":"<p>Connaissances pr\u00e9paratoires R\u00e9sum\u00e9 de l\u2019\u00e9tape Certaines connaissances pr\u00e9paratoires sont n\u00e9cessaires pour le bon d\u00e9roulement de la d\u00e9marche didactique de la communaut\u00e9 de recherche lexicale. Nous proposons des activit\u00e9s sur les notions de synonymie, d\u2019antonymie, de mots de m\u00eame famille et de mots th\u00e9matiques et sur la structure d\u2019une entr\u00e9e d\u2019un mot dans le dictionnaire. Les &hellip; <a href=\"https:\/\/crl.recherche.usherbrooke.ca\/index.php\/etape-0\/\" class=\"more-link\">Continuer la lecture de <span class=\"screen-reader-text\">\u00c9tape 0<\/span>  <span class=\"meta-nav\">&rarr;<\/span><\/a><\/p>\n","protected":false},"author":2,"featured_media":0,"parent":0,"menu_order":0,"comment_status":"closed","ping_status":"closed","template":"","meta":{"footnotes":""},"class_list":["post-129","page","type-page","status-publish","hentry"],"_links":{"self":[{"href":"https:\/\/crl.recherche.usherbrooke.ca\/index.php\/wp-json\/wp\/v2\/pages\/129","targetHints":{"allow":["GET"]}}],"collection":[{"href":"https:\/\/crl.recherche.usherbrooke.ca\/index.php\/wp-json\/wp\/v2\/pages"}],"about":[{"href":"https:\/\/crl.recherche.usherbrooke.ca\/index.php\/wp-json\/wp\/v2\/types\/page"}],"author":[{"embeddable":true,"href":"https:\/\/crl.recherche.usherbrooke.ca\/index.php\/wp-json\/wp\/v2\/users\/2"}],"replies":[{"embeddable":true,"href":"https:\/\/crl.recherche.usherbrooke.ca\/index.php\/wp-json\/wp\/v2\/comments?post=129"}],"version-history":[{"count":13,"href":"https:\/\/crl.recherche.usherbrooke.ca\/index.php\/wp-json\/wp\/v2\/pages\/129\/revisions"}],"predecessor-version":[{"id":273,"href":"https:\/\/crl.recherche.usherbrooke.ca\/index.php\/wp-json\/wp\/v2\/pages\/129\/revisions\/273"}],"wp:attachment":[{"href":"https:\/\/crl.recherche.usherbrooke.ca\/index.php\/wp-json\/wp\/v2\/media?parent=129"}],"curies":[{"name":"wp","href":"https:\/\/api.w.org\/{rel}","templated":true}]}}